{"id":2240,"date":"2024-03-26T06:39:46","date_gmt":"2024-03-26T06:39:46","guid":{"rendered":"https:\/\/demo.bravisthemes.com\/gurus\/?page_id=2240"},"modified":"2026-02-27T11:12:39","modified_gmt":"2026-02-27T14:12:39","slug":"treinamentos","status":"publish","type":"page","link":"https:\/\/www.cadeiralince.com.br\/en\/treinamentos\/","title":{"rendered":"Training"},"content":{"rendered":"<div data-elementor-type=\"wp-page\" data-elementor-id=\"2240\" class=\"elementor elementor-2240\">\n\t\t\t\t        <section class=\"elementor-section elementor-top-section elementor-element elementor-element-8713853 elementor-section-stretched elementor-section-boxed elementor-section-height-default elementor-section-height-default pxl-row-scroll-none pxl-zoom-point-false pxl-section-overflow-visible pxl-section-fix-none pxl-bg-color-none pxl-section-overlay-none\" data-id=\"8713853\" data-element_type=\"section\" data-e-type=\"section\" data-settings=\"{&quot;stretch_section&quot;:&quot;section-stretched&quot;}\">\n\n                \n                <div class=\"elementor-container elementor-column-gap-extended\">\n                <div class=\"elementor-column elementor-col-100 elementor-top-column elementor-element elementor-element-886bead pxl-column-none pxl-column-overflow-hidden-no\" data-id=\"886bead\" data-element_type=\"column\" data-e-type=\"column\">\r\n        <div class=\"elementor-widget-wrap elementor-element-populated\">\r\n                     \r\n        \t\t<div class=\"elementor-element elementor-element-78ddcee elementor-widget__width-auto elementor-widget-laptop__width-initial elementor-widget-tablet__width-inherit elementor-widget elementor-widget-pxl_heading\" data-id=\"78ddcee\" data-element_type=\"widget\" data-e-type=\"widget\" data-widget_type=\"pxl_heading.default\">\n\t\t\t\t<div class=\"elementor-widget-container\">\n\t\t\t\t\t\n<div id=\"pxl-pxl_heading-78ddcee-1544\" class=\"pxl-heading\" >\n\t<div class=\"pxl-heading--container\" >\n\t\t<div class=\"pxl-heading--inner\">\n\t\t\t\t\t\t\t\t\t<h2 class=\"pxl-item--title pxl-heading-style-1  wow fadeInUp\" data-wow-delay=\"ms\">\n\t\t\t\t            <span class=\"pxl-title--highlight\">\n                 LINCE is a piece of equipment with the most modern features            <\/span>\n         \t\t\t\t\t\n\t\t\t\t\t\t\t<\/h2>\n\t\t<\/div>\n\t\t\n\t<\/div>\n<\/div>\n\t\t\t\t<\/div>\n\t\t\t\t<\/div>\n\t\t\t\t<div class=\"elementor-element elementor-element-488e1ae elementor-widget__width-auto elementor-widget-laptop__width-initial elementor-widget-tablet__width-inherit elementor-widget elementor-widget-pxl_text_editor\" data-id=\"488e1ae\" data-element_type=\"widget\" data-e-type=\"widget\" data-widget_type=\"pxl_text_editor.default\">\n\t\t\t\t<div class=\"elementor-widget-container\">\n\t\t\t\t\t<div class=\"pxl-text-editor\">\n\t<div class=\"pxl-item--inner pxl-p2\" data-wow-delay=\"ms\">\n\t\t<p>Designed to ensure that a person can be transported up and down stairs easily, ergonomically, and safely.<\/p><p>\u00a0<\/p><p>For this, it is important that you complete the training, which can be with our team, or by following the step-by-step instructions below the video and manual.<\/p>\t\t\n\t<\/div>\n<\/div>\t\t\t\t<\/div>\n\t\t\t\t<\/div>\n\t\t            <\/div>\r\n        <\/div>\r\n        \t\t\t<\/div>\n\t\t<\/section>\n\t\t        <section class=\"elementor-section elementor-top-section elementor-element elementor-element-6f70a68 elementor-section-full_width elementor-section-stretched elementor-section-height-default elementor-section-height-default pxl-row-scroll-none pxl-zoom-point-false pxl-section-overflow-visible pxl-section-fix-none pxl-full-content-with-space-none pxl-bg-color-none pxl-section-overlay-none\" data-id=\"6f70a68\" data-element_type=\"section\" data-e-type=\"section\" data-settings=\"{&quot;stretch_section&quot;:&quot;section-stretched&quot;}\">\n\n                \n                <div class=\"elementor-container elementor-column-gap-extended\">\n                <div class=\"elementor-column elementor-col-50 elementor-top-column elementor-element elementor-element-b46a02b pxl-column-none pxl-column-overflow-hidden-no\" data-id=\"b46a02b\" data-element_type=\"column\" data-e-type=\"column\" data-settings=\"{&quot;background_background&quot;:&quot;classic&quot;}\">\r\n        <div class=\"elementor-widget-wrap elementor-element-populated\">\r\n                     \r\n        \t\t<div class=\"elementor-element elementor-element-5551e71 elementor-widget__width-inherit elementor-absolute elementor-widget elementor-widget-pxl_image\" data-id=\"5551e71\" data-element_type=\"widget\" data-e-type=\"widget\" data-settings=\"{&quot;_position&quot;:&quot;absolute&quot;}\" data-widget_type=\"pxl_image.default\">\n\t\t\t\t<div class=\"elementor-widget-container\">\n\t\t\t\t\t<div id=\"pxl_image-5551e71-2980\"  class=\"pxl-image-single\"  data-wow-delay=\"ms\" \r\n      \r\n          data-parallax-value = \"0\">\r\n    <div class=\"pxl-item--inner\" data-wow-delay=\"120ms\">\r\n                                    <div class=\"pxl-item--image\" >\r\n                                            <img fetchpriority=\"high\" decoding=\"async\" width=\"940\" height=\"886\" src=\"https:\/\/www.cadeiralince.com.br\/wp-content\/uploads\/2024\/04\/elipse-14.png\" class=\"no-lazyload attachment-full\" alt=\"\" \/>                                    <\/div>\r\n                                                                    <\/div>\r\n<\/div>\r\n\t\t\t\t<\/div>\n\t\t\t\t<\/div>\n\t\t\t\t<div class=\"elementor-element elementor-element-0479cdc elementor-widget elementor-widget-pxl_heading\" data-id=\"0479cdc\" data-element_type=\"widget\" data-e-type=\"widget\" data-widget_type=\"pxl_heading.default\">\n\t\t\t\t<div class=\"elementor-widget-container\">\n\t\t\t\t\t\n<div id=\"pxl-pxl_heading-0479cdc-7555\" class=\"pxl-heading  pxl-subtitle-box-4\" >\n\t<div class=\"pxl-heading--container\" >\n\t\t<div class=\"pxl-heading--inner\">\n\t\t\t\t\t\t\t<div class=\"pxl-item--subtitle wow fadeInUp\" data-wow-delay=\"ms\">\n\t\t\t\t\t<span class=\"pxl-item--subtext\">\n\t\t\t\t\t\tTRAINING\t\t\t\t\t<\/span>\n\t\t\t\t<\/div>\n\t\t\t\t\t\t\t\t\t<h2 class=\"pxl-item--title pxl-heading-default  wow fadeInUp\" data-wow-delay=\"ms\">\n\t\t\t\tRemember to use the chair at least once a month,             <span class=\"pxl-title--highlight\">\n                so you'll always be ready.            <\/span>\n        \t\t\t\t\t\n\t\t\t\t\t\t\t<\/h2>\n\t\t<\/div>\n\t\t\n\t<\/div>\n<\/div>\n\t\t\t\t<\/div>\n\t\t\t\t<\/div>\n\t\t            <\/div>\r\n        <\/div>\r\n                <div class=\"elementor-column elementor-col-50 elementor-top-column elementor-element elementor-element-e8cbc02 pxl-column-none pxl-column-overflow-hidden-no\" data-id=\"e8cbc02\" data-element_type=\"column\" data-e-type=\"column\">\r\n        <div class=\"elementor-widget-wrap elementor-element-populated\">\r\n                     \r\n        \t\t<div class=\"elementor-element elementor-element-93661b8 elementor-widget elementor-widget-html\" data-id=\"93661b8\" data-element_type=\"widget\" data-e-type=\"widget\" data-widget_type=\"html.default\">\n\t\t\t\t\t<iframe width=\"560\" height=\"700\" src=\"https:\/\/www.youtube.com\/embed\/oAdY11FO6qc?si=ZRKAU1HK8uTGM9dJ?rel=0\" title=\"YouTube video player\" frameborder=\"0\" allow=\"accelerometer; autoplay; clipboard-write; encrypted-media; gyroscope; picture-in-picture; web-share\" referrerpolicy=\"strict-origin-when-cross-origin\" allowfullscreen><\/iframe>\t\t\t\t<\/div>\n\t\t            <\/div>\r\n        <\/div>\r\n        \t\t\t<\/div>\n\t\t<\/section>\n\t\t        <section class=\"elementor-section elementor-top-section elementor-element elementor-element-34a2b61 elementor-section-full_width elementor-section-stretched elementor-section-height-default elementor-section-height-default pxl-row-scroll-none pxl-zoom-point-false pxl-section-overflow-visible pxl-section-fix-none pxl-full-content-with-space-none pxl-bg-color-none pxl-section-overlay-none\" data-id=\"34a2b61\" data-element_type=\"section\" data-e-type=\"section\" data-settings=\"{&quot;background_background&quot;:&quot;classic&quot;,&quot;stretch_section&quot;:&quot;section-stretched&quot;}\">\n\n                \n                <div class=\"elementor-container elementor-column-gap-extended\">\n                <div class=\"elementor-column elementor-col-100 elementor-top-column elementor-element elementor-element-2c1e6fd pxl-column-none pxl-column-overflow-hidden-no\" data-id=\"2c1e6fd\" data-element_type=\"column\" data-e-type=\"column\">\r\n        <div class=\"elementor-widget-wrap elementor-element-populated\">\r\n                     \r\n        \t\t<div class=\"elementor-element elementor-element-2464bf5 elementor-widget elementor-widget-pxl_icon\" data-id=\"2464bf5\" data-element_type=\"widget\" data-e-type=\"widget\" data-widget_type=\"pxl_icon.default\">\n\t\t\t\t<div class=\"elementor-widget-container\">\n\t\t\t\t\t\r\n<div class=\"pxl-icon pxl-icon1 style-default\" data-wow-delay=\"ms\">\r\n    <div class=\"pxl-icon--container\">\r\n        <div class=\"pxl-item\">\r\n                            <span class=\"pxl-item--icon pxl-flex-center\">\r\n                    <i aria-hidden=\"true\" class=\"flaticon flaticon-paper-plane\"><\/i>                <\/span>\r\n                                            <\/div>\r\n    <\/div>\r\n<\/div>\t\t\t\t<\/div>\n\t\t\t\t<\/div>\n\t\t\t\t<div class=\"elementor-element elementor-element-07b6719 elementor-widget__width-inherit elementor-widget elementor-widget-pxl_heading\" data-id=\"07b6719\" data-element_type=\"widget\" data-e-type=\"widget\" data-widget_type=\"pxl_heading.default\">\n\t\t\t\t<div class=\"elementor-widget-container\">\n\t\t\t\t\t\n<div id=\"pxl-pxl_heading-07b6719-6577\" class=\"pxl-heading\" >\n\t<div class=\"pxl-heading--container\" >\n\t\t<div class=\"pxl-heading--inner\">\n\t\t\t\t\t\t\t\t\t<h2 class=\"pxl-item--title pxl-heading-default  wow fadeInUp\" data-wow-delay=\"ms\">\n\t\t\t\tSubscribe and be the first to know              <span class=\"pxl-title--highlight\">\n                Our News and Releases            <\/span>\n        \t\t\t\t\t\n\t\t\t\t\t\t\t<\/h2>\n\t\t<\/div>\n\t\t\n\t<\/div>\n<\/div>\n\t\t\t\t<\/div>\n\t\t\t\t<\/div>\n\t\t\t\t<div class=\"elementor-element elementor-element-19ccd7c elementor-widget elementor-widget-pxl_contact_form\" data-id=\"19ccd7c\" data-element_type=\"widget\" data-e-type=\"widget\" data-widget_type=\"pxl_contact_form.default\">\n\t\t\t\t<div class=\"elementor-widget-container\">\n\t\t\t\t\t    <div class=\"pxl-contact-form pxl-contact-form1\" data-wow-delay=\"ms\">\r\n        \n<div class=\"wpcf7 no-js\" id=\"wpcf7-f14731-o1\" lang=\"en-US\" dir=\"ltr\" data-wpcf7-id=\"14731\">\n<div class=\"screen-reader-response\"><p role=\"status\" aria-live=\"polite\" aria-atomic=\"true\"><\/p> <ul><\/ul><\/div>\n<form action=\"\/en\/wp-json\/wp\/v2\/pages\/2240#wpcf7-f14731-o1\" method=\"post\" class=\"wpcf7-form init\" aria-label=\"Contact form\" novalidate=\"novalidate\" data-status=\"init\" data-trp-original-action=\"\/en\/wp-json\/wp\/v2\/pages\/2240#wpcf7-f14731-o1\">\n<fieldset class=\"hidden-fields-container\"><input type=\"hidden\" name=\"_wpcf7\" value=\"14731\" \/><input type=\"hidden\" name=\"_wpcf7_version\" value=\"6.1.5\" \/><input type=\"hidden\" name=\"_wpcf7_locale\" value=\"en_US\" \/><input type=\"hidden\" name=\"_wpcf7_unit_tag\" value=\"wpcf7-f14731-o1\" \/><input type=\"hidden\" name=\"_wpcf7_container_post\" value=\"0\" \/><input type=\"hidden\" name=\"_wpcf7_posted_data_hash\" value=\"\" \/>\n<\/fieldset>\n<div class=\"pxl-newsletter pxl-layout-2\">\n\t<p><span class=\"wpcf7-form-control-wrap\" data-name=\"your-email\"><input size=\"40\" maxlength=\"400\" class=\"wpcf7-form-control wpcf7-email wpcf7-validates-as-required wpcf7-text wpcf7-validates-as-email pxl-p3 pxl-dark-100\" autocomplete=\"email\" aria-required=\"true\" aria-invalid=\"false\" placeholder=\"Your E-mail\" value=\"\" type=\"email\" name=\"your-email\" \/><\/span><br \/>\n<button type=\"submit\" class=\"btn btn-submit pxl-btn-default pxl-btn-normal pxl-hover-default pxl-dark-100 h6\"><span class=\"pxl-btn--text\">Sign<\/span><i class=\"pxl-icon--default flaticon flaticon-up-right-arrow\"><\/i><\/button>\n\t<\/p>\n<\/div><div class=\"wpcf7-response-output\" aria-hidden=\"true\"><\/div>\n<input type=\"hidden\" name=\"trp-form-language\" value=\"en\"\/><\/form>\n<\/div>\n                    <div class=\"pxl-form-loader dark\">\r\n                <div class=\"bar1\"><\/div>\r\n                <div class=\"bar2\"><\/div>\r\n                <div class=\"bar3\"><\/div>\r\n                <div class=\"bar4\"><\/div>\r\n                <div class=\"bar5\"><\/div>\r\n                <div class=\"bar6\"><\/div>\r\n                <div class=\"bar7\"><\/div>\r\n                <div class=\"bar8\"><\/div>\r\n                <div class=\"bar9\"><\/div>\r\n                <div class=\"bar10\"><\/div>\r\n                <div class=\"bar11\"><\/div>\r\n                <div class=\"bar12\"><\/div>\r\n            <\/div>\r\n            <\/div>\r\n\t\t\t\t<\/div>\n\t\t\t\t<\/div>\n\t\t            <\/div>\r\n        <\/div>\r\n        \t\t\t<\/div>\n\t\t<\/section>\n\t\t\t\t<\/div>","protected":false},"excerpt":{"rendered":"<p>A LINCE \u00e9 um equipamento com os mais modernos recursos Desenvolvido para garantir o transporte de uma pessoa pelas escadas de forma f\u00e1cil, ergon\u00f4mica e segura. \u00a0 Para isso \u00e9 importante que realize o treinamento que poder\u00e1 ser com a nossa equipe, ou mesmo seguindo o passo a passo abaixo do v\u00eddeo e do manual. [&hellip;]<\/p>","protected":false},"author":1,"featured_media":0,"parent":0,"menu_order":0,"comment_status":"closed","ping_status":"closed","template":"","meta":{"footnotes":""},"class_list":["post-2240","page","type-page","status-publish","hentry"],"aioseo_notices":[],"_links":{"self":[{"href":"https:\/\/www.cadeiralince.com.br\/en\/wp-json\/wp\/v2\/pages\/2240","targetHints":{"allow":["GET"]}}],"collection":[{"href":"https:\/\/www.cadeiralince.com.br\/en\/wp-json\/wp\/v2\/pages"}],"about":[{"href":"https:\/\/www.cadeiralince.com.br\/en\/wp-json\/wp\/v2\/types\/page"}],"author":[{"embeddable":true,"href":"https:\/\/www.cadeiralince.com.br\/en\/wp-json\/wp\/v2\/users\/1"}],"replies":[{"embeddable":true,"href":"https:\/\/www.cadeiralince.com.br\/en\/wp-json\/wp\/v2\/comments?post=2240"}],"version-history":[{"count":49,"href":"https:\/\/www.cadeiralince.com.br\/en\/wp-json\/wp\/v2\/pages\/2240\/revisions"}],"predecessor-version":[{"id":26224,"href":"https:\/\/www.cadeiralince.com.br\/en\/wp-json\/wp\/v2\/pages\/2240\/revisions\/26224"}],"wp:attachment":[{"href":"https:\/\/www.cadeiralince.com.br\/en\/wp-json\/wp\/v2\/media?parent=2240"}],"curies":[{"name":"wp","href":"https:\/\/api.w.org\/{rel}","templated":true}]}}