{"id":1458,"date":"2024-03-20T02:28:45","date_gmt":"2024-03-20T02:28:45","guid":{"rendered":"https:\/\/demo.bravisthemes.com\/gurus\/?page_id=1458"},"modified":"2026-02-10T15:00:49","modified_gmt":"2026-02-10T18:00:49","slug":"prod_lince","status":"publish","type":"page","link":"https:\/\/www.cadeiralince.com.br\/es\/prod_lince\/","title":{"rendered":"Productos Lince"},"content":{"rendered":"<div data-elementor-type=\"wp-page\" data-elementor-id=\"1458\" class=\"elementor elementor-1458\">\n\t\t\t\t        <section class=\"elementor-section elementor-top-section elementor-element elementor-element-578d28d elementor-section-stretched elementor-section-boxed elementor-section-height-default elementor-section-height-default pxl-row-scroll-none pxl-zoom-point-false pxl-section-overflow-visible pxl-section-fix-none pxl-bg-color-none pxl-section-overlay-none\" data-id=\"578d28d\" data-element_type=\"section\" data-e-type=\"section\" data-settings=\"{&quot;stretch_section&quot;:&quot;section-stretched&quot;}\">\n\n                \n                <div class=\"elementor-container elementor-column-gap-extended\">\n                <div class=\"elementor-column elementor-col-100 elementor-top-column elementor-element elementor-element-b6ed281 pxl-column-none pxl-column-overflow-hidden-no\" data-id=\"b6ed281\" data-element_type=\"column\" data-e-type=\"column\">\r\n        <div class=\"elementor-widget-wrap elementor-element-populated\">\r\n                     \r\n        \t\t<div class=\"elementor-element elementor-element-bb6760a elementor-widget__width-auto elementor-widget-laptop__width-auto elementor-invisible elementor-widget elementor-widget-pxl_heading\" data-id=\"bb6760a\" data-element_type=\"widget\" data-e-type=\"widget\" data-settings=\"{&quot;_animation&quot;:&quot;fadeInUp&quot;}\" data-widget_type=\"pxl_heading.default\">\n\t\t\t\t<div class=\"elementor-widget-container\">\n\t\t\t\t\t\n<div id=\"pxl-pxl_heading-bb6760a-6361\" class=\"pxl-heading  pxl-style1\" >\n\t<div class=\"pxl-heading--container\" >\n\t\t<div class=\"pxl-heading--inner\">\n\t\t\t\t\t\t\t<div class=\"pxl-item--subtitle\" data-wow-delay=\"ms\">\n\t\t\t\t\t<span class=\"pxl-item--subtext\">\n\t\t\t\t\t\tNuestros productos\t\t\t\t\t<\/span>\n\t\t\t\t<\/div>\n\t\t\t\t\t\t\t\t\t<h2 class=\"pxl-item--title pxl-heading-default\" data-wow-delay=\"ms\">\n\t\t\t\tConozca m\u00e1s sobre los productos             <span class=\"pxl-title--highlight\">\n                Lince            <\/span>\n        \t\t\t\t\t\n\t\t\t\t\t\t\t<\/h2>\n\t\t<\/div>\n\t\t\n\t<\/div>\n<\/div>\n\t\t\t\t<\/div>\n\t\t\t\t<\/div>\n\t\t            <\/div>\r\n        <\/div>\r\n        \t\t\t<\/div>\n\t\t<\/section>\n\t\t        <section class=\"elementor-section elementor-top-section elementor-element elementor-element-37d25da elementor-section-content-middle elementor-section-boxed elementor-section-height-default elementor-section-height-default pxl-row-scroll-none pxl-zoom-point-false pxl-section-overflow-visible pxl-section-fix-none pxl-bg-color-none pxl-section-overlay-none\" data-id=\"37d25da\" data-element_type=\"section\" data-e-type=\"section\" data-settings=\"{&quot;background_background&quot;:&quot;classic&quot;}\">\n\n                \n                <div class=\"elementor-container elementor-column-gap-no\">\n                <div class=\"elementor-column elementor-col-100 elementor-top-column elementor-element elementor-element-93ea68d pxl-column-none pxl-column-overflow-hidden-no\" data-id=\"93ea68d\" data-element_type=\"column\" data-e-type=\"column\">\r\n        <div class=\"elementor-widget-wrap elementor-element-populated\">\r\n                     \r\n                <section class=\"elementor-section elementor-inner-section elementor-element elementor-element-5a0bc9f elementor-section-content-middle elementor-section-boxed elementor-section-height-default elementor-section-height-default pxl-row-scroll-none pxl-zoom-point-false pxl-section-overflow-visible pxl-section-fix-none pxl-bg-color-none pxl-section-overlay-none\" data-id=\"5a0bc9f\" data-element_type=\"section\" data-e-type=\"section\">\n\n                \n                <div class=\"elementor-container elementor-column-gap-no\">\n                <div class=\"elementor-column elementor-col-50 elementor-inner-column elementor-element elementor-element-84fd209 pxl-column-none pxl-column-overflow-hidden-no\" data-id=\"84fd209\" data-element_type=\"column\" data-e-type=\"column\">\r\n        <div class=\"elementor-widget-wrap elementor-element-populated\">\r\n                     \r\n        \t\t<div class=\"elementor-element elementor-element-b887a6c elementor-position-top elementor-widget elementor-widget-image-box\" data-id=\"b887a6c\" data-element_type=\"widget\" data-e-type=\"widget\" data-widget_type=\"image-box.default\">\n\t\t\t\t\t<div class=\"elementor-image-box-wrapper\"><figure class=\"elementor-image-box-img\"><a href=\"https:\/\/www.cadeiralince.com.br\/es\/prod_lince\/lince-cre\/\" tabindex=\"-1\"><img fetchpriority=\"high\" decoding=\"async\" width=\"400\" height=\"400\" src=\"https:\/\/www.cadeiralince.com.br\/wp-content\/uploads\/2025\/07\/LNC_CRE_prod_test-5.png\" class=\"attachment-full size-full wp-image-25477\" alt=\"CRE\" srcset=\"https:\/\/www.cadeiralince.com.br\/wp-content\/uploads\/2025\/07\/LNC_CRE_prod_test-5.png 400w, https:\/\/www.cadeiralince.com.br\/wp-content\/uploads\/2025\/07\/LNC_CRE_prod_test-5-300x300.png 300w, https:\/\/www.cadeiralince.com.br\/wp-content\/uploads\/2025\/07\/LNC_CRE_prod_test-5-150x150.png 150w, https:\/\/www.cadeiralince.com.br\/wp-content\/uploads\/2025\/07\/LNC_CRE_prod_test-5-50x50.png 50w, https:\/\/www.cadeiralince.com.br\/wp-content\/uploads\/2025\/07\/LNC_CRE_prod_test-5-100x100.png 100w\" sizes=\"(max-width: 400px) 100vw, 400px\" \/><\/a><\/figure><div class=\"elementor-image-box-content\"><h3 class=\"elementor-image-box-title\"><a href=\"https:\/\/www.cadeiralince.com.br\/es\/prod_lince\/lince-cre\/\">Silla Modelo Lince CRE<\/a><\/h3><p class=\"elementor-image-box-description\">Con reposapi\u00e9s y sube escaleras<\/p><\/div><\/div>\t\t\t\t<\/div>\n\t\t            <\/div>\r\n        <\/div>\r\n                <div class=\"elementor-column elementor-col-50 elementor-inner-column elementor-element elementor-element-1419385 pxl-column-none pxl-column-overflow-hidden-no\" data-id=\"1419385\" data-element_type=\"column\" data-e-type=\"column\">\r\n        <div class=\"elementor-widget-wrap elementor-element-populated\">\r\n                     \r\n        \t\t<div class=\"elementor-element elementor-element-f88d5aa elementor-position-top elementor-widget elementor-widget-image-box\" data-id=\"f88d5aa\" data-element_type=\"widget\" data-e-type=\"widget\" data-widget_type=\"image-box.default\">\n\t\t\t\t\t<div class=\"elementor-image-box-wrapper\"><figure class=\"elementor-image-box-img\"><a href=\"https:\/\/www.cadeiralince.com.br\/es\/prod_lince\/cadeira-lince-sre\/\" tabindex=\"-1\"><img decoding=\"async\" width=\"400\" height=\"400\" src=\"https:\/\/www.cadeiralince.com.br\/wp-content\/uploads\/2025\/07\/LNC_SRE_prod_teste-1.png\" class=\"attachment-full size-full wp-image-25475\" alt=\"SRE\" srcset=\"https:\/\/www.cadeiralince.com.br\/wp-content\/uploads\/2025\/07\/LNC_SRE_prod_teste-1.png 400w, https:\/\/www.cadeiralince.com.br\/wp-content\/uploads\/2025\/07\/LNC_SRE_prod_teste-1-300x300.png 300w, https:\/\/www.cadeiralince.com.br\/wp-content\/uploads\/2025\/07\/LNC_SRE_prod_teste-1-150x150.png 150w, https:\/\/www.cadeiralince.com.br\/wp-content\/uploads\/2025\/07\/LNC_SRE_prod_teste-1-50x50.png 50w, https:\/\/www.cadeiralince.com.br\/wp-content\/uploads\/2025\/07\/LNC_SRE_prod_teste-1-100x100.png 100w\" sizes=\"(max-width: 400px) 100vw, 400px\" \/><\/a><\/figure><div class=\"elementor-image-box-content\"><h3 class=\"elementor-image-box-title\"><a href=\"https:\/\/www.cadeiralince.com.br\/es\/prod_lince\/cadeira-lince-sre\/\">Silla Lince Modelo SRE<\/a><\/h3><p class=\"elementor-image-box-description\">Facilita el paso sobre superficies irregulares.<\/p><\/div><\/div>\t\t\t\t<\/div>\n\t\t            <\/div>\r\n        <\/div>\r\n        \t\t\t<\/div>\n\t\t<\/section>\n\t\t        <section class=\"elementor-section elementor-inner-section elementor-element elementor-element-acd4ee8 elementor-section-content-middle elementor-section-boxed elementor-section-height-default elementor-section-height-default pxl-row-scroll-none pxl-zoom-point-false pxl-section-overflow-visible pxl-section-fix-none pxl-bg-color-none pxl-section-overlay-none\" data-id=\"acd4ee8\" data-element_type=\"section\" data-e-type=\"section\">\n\n                \n                <div class=\"elementor-container elementor-column-gap-no\">\n                <div class=\"elementor-column elementor-col-50 elementor-inner-column elementor-element elementor-element-7974205 pxl-column-none pxl-column-overflow-hidden-no\" data-id=\"7974205\" data-element_type=\"column\" data-e-type=\"column\">\r\n        <div class=\"elementor-widget-wrap elementor-element-populated\">\r\n                     \r\n        \t\t<div class=\"elementor-element elementor-element-7c79215 elementor-position-top elementor-widget elementor-widget-image-box\" data-id=\"7c79215\" data-element_type=\"widget\" data-e-type=\"widget\" data-widget_type=\"image-box.default\">\n\t\t\t\t\t<div class=\"elementor-image-box-wrapper\"><figure class=\"elementor-image-box-img\"><a href=\"https:\/\/www.cadeiralince.com.br\/es\/prod_lince\/cadeira-lince-mini-c\/\" tabindex=\"-1\"><img decoding=\"async\" width=\"400\" height=\"400\" src=\"https:\/\/www.cadeiralince.com.br\/wp-content\/uploads\/2025\/07\/LNC_minic_prod_test-1.png\" class=\"attachment-full size-full wp-image-25465\" alt=\"MINI C\" srcset=\"https:\/\/www.cadeiralince.com.br\/wp-content\/uploads\/2025\/07\/LNC_minic_prod_test-1.png 400w, https:\/\/www.cadeiralince.com.br\/wp-content\/uploads\/2025\/07\/LNC_minic_prod_test-1-300x300.png 300w, https:\/\/www.cadeiralince.com.br\/wp-content\/uploads\/2025\/07\/LNC_minic_prod_test-1-150x150.png 150w, https:\/\/www.cadeiralince.com.br\/wp-content\/uploads\/2025\/07\/LNC_minic_prod_test-1-50x50.png 50w, https:\/\/www.cadeiralince.com.br\/wp-content\/uploads\/2025\/07\/LNC_minic_prod_test-1-100x100.png 100w\" sizes=\"(max-width: 400px) 100vw, 400px\" \/><\/a><\/figure><div class=\"elementor-image-box-content\"><h3 class=\"elementor-image-box-title\"><a href=\"https:\/\/www.cadeiralince.com.br\/es\/prod_lince\/cadeira-lince-mini-c\/\">Silla Lince Modelo MINI-C<\/a><\/h3><p class=\"elementor-image-box-description\">Movilidad en espacios reducidos<\/p><\/div><\/div>\t\t\t\t<\/div>\n\t\t            <\/div>\r\n        <\/div>\r\n                <div class=\"elementor-column elementor-col-50 elementor-inner-column elementor-element elementor-element-4fc3b89 pxl-column-none pxl-column-overflow-hidden-no\" data-id=\"4fc3b89\" data-element_type=\"column\" data-e-type=\"column\">\r\n        <div class=\"elementor-widget-wrap elementor-element-populated\">\r\n                     \r\n        \t\t<div class=\"elementor-element elementor-element-8c38cb7 elementor-position-top elementor-widget elementor-widget-image-box\" data-id=\"8c38cb7\" data-element_type=\"widget\" data-e-type=\"widget\" data-widget_type=\"image-box.default\">\n\t\t\t\t\t<div class=\"elementor-image-box-wrapper\"><figure class=\"elementor-image-box-img\"><a href=\"https:\/\/www.cadeiralince.com.br\/es\/prod_lince\/cadeira-lince-mini-45\/\" tabindex=\"-1\"><img loading=\"lazy\" decoding=\"async\" width=\"400\" height=\"400\" src=\"https:\/\/www.cadeiralince.com.br\/wp-content\/uploads\/2025\/07\/mini_45_menu_teste.png\" class=\"attachment-full size-full wp-image-25478\" alt=\"mini 45\" srcset=\"https:\/\/www.cadeiralince.com.br\/wp-content\/uploads\/2025\/07\/mini_45_menu_teste.png 400w, https:\/\/www.cadeiralince.com.br\/wp-content\/uploads\/2025\/07\/mini_45_menu_teste-300x300.png 300w, https:\/\/www.cadeiralince.com.br\/wp-content\/uploads\/2025\/07\/mini_45_menu_teste-150x150.png 150w, https:\/\/www.cadeiralince.com.br\/wp-content\/uploads\/2025\/07\/mini_45_menu_teste-50x50.png 50w, https:\/\/www.cadeiralince.com.br\/wp-content\/uploads\/2025\/07\/mini_45_menu_teste-100x100.png 100w\" sizes=\"(max-width: 400px) 100vw, 400px\" \/><\/a><\/figure><div class=\"elementor-image-box-content\"><h3 class=\"elementor-image-box-title\"><a href=\"https:\/\/www.cadeiralince.com.br\/es\/prod_lince\/cadeira-lince-mini-45\/\"><span style=\"letter-spacing: -0.32px\">Silla Lince Modelo MINI45<\/span><\/a><\/h3><p class=\"elementor-image-box-description\">Mayor facilidad de movilidad en escaleras con inclinaci\u00f3n de 38 a 45\u00ba.<\/p><\/div><\/div>\t\t\t\t<\/div>\n\t\t            <\/div>\r\n        <\/div>\r\n        \t\t\t<\/div>\n\t\t<\/section>\n\t\t\t\t<div class=\"elementor-element elementor-element-d4e5762 elementor-widget elementor-widget-pxl_divider\" data-id=\"d4e5762\" data-element_type=\"widget\" data-e-type=\"widget\" data-widget_type=\"pxl_divider.default\">\n\t\t\t\t<div class=\"elementor-widget-container\">\n\t\t\t\t\t<div class=\"pxl-divider  pxl-particle-right none none\"><\/div>\t\t\t\t<\/div>\n\t\t\t\t<\/div>\n\t\t\t\t<div class=\"elementor-element elementor-element-50b6521 elementor-widget elementor-widget-pxl_image\" data-id=\"50b6521\" data-element_type=\"widget\" data-e-type=\"widget\" data-widget_type=\"pxl_image.default\">\n\t\t\t\t<div class=\"elementor-widget-container\">\n\t\t\t\t\t<div id=\"pxl_image-50b6521-2145\"  class=\"pxl-image-single\"  data-wow-delay=\"ms\" \r\n      \r\n          data-parallax-value = \"0\">\r\n    <div class=\"pxl-item--inner\" data-wow-delay=\"120ms\">\r\n                                    <div class=\"pxl-item--image\" >\r\n                                            <img loading=\"lazy\" decoding=\"async\" width=\"300\" height=\"61\" src=\"https:\/\/www.cadeiralince.com.br\/wp-content\/uploads\/2025\/04\/Garantia-300x61-1.png\" class=\"no-lazyload attachment-full\" alt=\"Grantia 10 Anos\" \/>                                    <\/div>\r\n                                                                    <\/div>\r\n<\/div>\r\n\t\t\t\t<\/div>\n\t\t\t\t<\/div>\n\t\t        <section class=\"elementor-section elementor-inner-section elementor-element elementor-element-4a418b9 elementor-section-content-middle elementor-section-boxed elementor-section-height-default elementor-section-height-default pxl-row-scroll-none pxl-zoom-point-false pxl-section-overflow-visible pxl-section-fix-none pxl-bg-color-none pxl-section-overlay-none\" data-id=\"4a418b9\" data-element_type=\"section\" data-e-type=\"section\">\n\n                \n                <div class=\"elementor-container elementor-column-gap-no\">\n                <div class=\"elementor-column elementor-col-50 elementor-inner-column elementor-element elementor-element-225f327 pxl-column-none pxl-column-overflow-hidden-no\" data-id=\"225f327\" data-element_type=\"column\" data-e-type=\"column\">\r\n        <div class=\"elementor-widget-wrap elementor-element-populated\">\r\n                     \r\n        \t\t<div class=\"elementor-element elementor-element-6b381a0 elementor-position-top elementor-widget elementor-widget-image-box\" data-id=\"6b381a0\" data-element_type=\"widget\" data-e-type=\"widget\" data-widget_type=\"image-box.default\">\n\t\t\t\t\t<div class=\"elementor-image-box-wrapper\"><figure class=\"elementor-image-box-img\"><a href=\"https:\/\/www.cadeiralince.com.br\/es\/prod_lince\/acessorios-cadeira-lince\/\" tabindex=\"-1\"><img loading=\"lazy\" decoding=\"async\" width=\"800\" height=\"400\" src=\"https:\/\/www.cadeiralince.com.br\/wp-content\/uploads\/2025\/05\/LNC_acess_prod-2.png\" class=\"attachment-full size-full wp-image-25254\" alt=\"Acess\u00f3rios\" srcset=\"https:\/\/www.cadeiralince.com.br\/wp-content\/uploads\/2025\/05\/LNC_acess_prod-2.png 800w, https:\/\/www.cadeiralince.com.br\/wp-content\/uploads\/2025\/05\/LNC_acess_prod-2-300x150.png 300w, https:\/\/www.cadeiralince.com.br\/wp-content\/uploads\/2025\/05\/LNC_acess_prod-2-768x384.png 768w, https:\/\/www.cadeiralince.com.br\/wp-content\/uploads\/2025\/05\/LNC_acess_prod-2-600x300.png 600w\" sizes=\"(max-width: 800px) 100vw, 800px\" \/><\/a><\/figure><div class=\"elementor-image-box-content\"><h3 class=\"elementor-image-box-title\"><a href=\"https:\/\/www.cadeiralince.com.br\/es\/prod_lince\/acessorios-cadeira-lince\/\">Accesorios<\/a><\/h3><p class=\"elementor-image-box-description\">\u00a1Dise\u00f1o sencillo, comodidad y soluciones r\u00e1pidas!<\/p><\/div><\/div>\t\t\t\t<\/div>\n\t\t            <\/div>\r\n        <\/div>\r\n                <div class=\"elementor-column elementor-col-50 elementor-inner-column elementor-element elementor-element-f0a0097 pxl-column-none pxl-column-overflow-hidden-no\" data-id=\"f0a0097\" data-element_type=\"column\" data-e-type=\"column\">\r\n        <div class=\"elementor-widget-wrap\">\r\n                     \r\n                    <\/div>\r\n        <\/div>\r\n        \t\t\t<\/div>\n\t\t<\/section>\n\t\t            <\/div>\r\n        <\/div>\r\n        \t\t\t<\/div>\n\t\t<\/section>\n\t\t        <section class=\"elementor-section elementor-top-section elementor-element elementor-element-55d67d58 elementor-section-full_width elementor-section-stretched elementor-section-height-default elementor-section-height-default pxl-row-scroll-none pxl-zoom-point-false pxl-section-overflow-visible pxl-section-fix-none pxl-full-content-with-space-none pxl-bg-color-none pxl-section-overlay-none\" data-id=\"55d67d58\" data-element_type=\"section\" data-e-type=\"section\" data-settings=\"{&quot;background_background&quot;:&quot;classic&quot;,&quot;stretch_section&quot;:&quot;section-stretched&quot;}\">\n\n                \n                <div class=\"elementor-container elementor-column-gap-extended\">\n                <div class=\"elementor-column elementor-col-100 elementor-top-column elementor-element elementor-element-1765f939 pxl-column-none pxl-column-overflow-hidden-no\" data-id=\"1765f939\" data-element_type=\"column\" data-e-type=\"column\">\r\n        <div class=\"elementor-widget-wrap elementor-element-populated\">\r\n                     \r\n        \t\t<div class=\"elementor-element elementor-element-79acfc42 elementor-widget elementor-widget-pxl_icon\" data-id=\"79acfc42\" data-element_type=\"widget\" data-e-type=\"widget\" data-widget_type=\"pxl_icon.default\">\n\t\t\t\t<div class=\"elementor-widget-container\">\n\t\t\t\t\t\r\n<div class=\"pxl-icon pxl-icon1 style-default\" data-wow-delay=\"ms\">\r\n    <div class=\"pxl-icon--container\">\r\n        <div class=\"pxl-item\">\r\n                            <span class=\"pxl-item--icon pxl-flex-center\">\r\n                    <i aria-hidden=\"true\" class=\"flaticon flaticon-paper-plane\"><\/i>                <\/span>\r\n                                            <\/div>\r\n    <\/div>\r\n<\/div>\t\t\t\t<\/div>\n\t\t\t\t<\/div>\n\t\t\t\t<div class=\"elementor-element elementor-element-2772b7f5 elementor-widget__width-inherit elementor-widget elementor-widget-pxl_heading\" data-id=\"2772b7f5\" data-element_type=\"widget\" data-e-type=\"widget\" data-widget_type=\"pxl_heading.default\">\n\t\t\t\t<div class=\"elementor-widget-container\">\n\t\t\t\t\t\n<div id=\"pxl-pxl_heading-2772b7f5-9468\" class=\"pxl-heading\" >\n\t<div class=\"pxl-heading--container\" >\n\t\t<div class=\"pxl-heading--inner\">\n\t\t\t\t\t\t\t\t\t<h2 class=\"pxl-item--title pxl-heading-default  wow fadeInUp\" data-wow-delay=\"ms\">\n\t\t\t\tSuscr\u00edbete y s\u00e9 el primero en enterarte de             <span class=\"pxl-title--highlight\">\n                Nuestras noticias y comunicados            <\/span>\n        \t\t\t\t\t\n\t\t\t\t\t\t\t<\/h2>\n\t\t<\/div>\n\t\t\n\t<\/div>\n<\/div>\n\t\t\t\t<\/div>\n\t\t\t\t<\/div>\n\t\t\t\t<div class=\"elementor-element elementor-element-1fb53945 elementor-widget elementor-widget-pxl_contact_form\" data-id=\"1fb53945\" data-element_type=\"widget\" data-e-type=\"widget\" data-widget_type=\"pxl_contact_form.default\">\n\t\t\t\t<div class=\"elementor-widget-container\">\n\t\t\t\t\t    <div class=\"pxl-contact-form pxl-contact-form1\" data-wow-delay=\"ms\">\r\n        \n<div class=\"wpcf7 no-js\" id=\"wpcf7-f14731-o1\" lang=\"en-US\" dir=\"ltr\" data-wpcf7-id=\"14731\">\n<div class=\"screen-reader-response\"><p role=\"status\" aria-live=\"polite\" aria-atomic=\"true\"><\/p> <ul><\/ul><\/div>\n<form action=\"\/es\/wp-json\/wp\/v2\/pages\/1458#wpcf7-f14731-o1\" method=\"post\" class=\"wpcf7-form init\" aria-label=\"Contact form\" novalidate=\"novalidate\" data-status=\"init\" data-trp-original-action=\"\/es\/wp-json\/wp\/v2\/pages\/1458#wpcf7-f14731-o1\">\n<fieldset class=\"hidden-fields-container\"><input type=\"hidden\" name=\"_wpcf7\" value=\"14731\" \/><input type=\"hidden\" name=\"_wpcf7_version\" value=\"6.1.5\" \/><input type=\"hidden\" name=\"_wpcf7_locale\" value=\"en_US\" \/><input type=\"hidden\" name=\"_wpcf7_unit_tag\" value=\"wpcf7-f14731-o1\" \/><input type=\"hidden\" name=\"_wpcf7_container_post\" value=\"0\" \/><input type=\"hidden\" name=\"_wpcf7_posted_data_hash\" value=\"\" \/>\n<\/fieldset>\n<div class=\"pxl-newsletter pxl-layout-2\">\n\t<p><span class=\"wpcf7-form-control-wrap\" data-name=\"your-email\"><input size=\"40\" maxlength=\"400\" class=\"wpcf7-form-control wpcf7-email wpcf7-validates-as-required wpcf7-text wpcf7-validates-as-email pxl-p3 pxl-dark-100\" autocomplete=\"email\" aria-required=\"true\" aria-invalid=\"false\" placeholder=\"Tu correo electr\u00f3nico\" value=\"\" type=\"email\" name=\"your-email\" \/><\/span><br \/>\n<button type=\"submit\" class=\"btn btn-submit pxl-btn-default pxl-btn-normal pxl-hover-default pxl-dark-100 h6\"><span class=\"pxl-btn--text\">Firmar<\/span><i class=\"pxl-icon--default flaticon flaticon-up-right-arrow\"><\/i><\/button>\n\t<\/p>\n<\/div><div class=\"wpcf7-response-output\" aria-hidden=\"true\"><\/div>\n<input type=\"hidden\" name=\"trp-form-language\" value=\"es\"\/><\/form>\n<\/div>\n                    <div class=\"pxl-form-loader dark\">\r\n                <div class=\"bar1\"><\/div>\r\n                <div class=\"bar2\"><\/div>\r\n                <div class=\"bar3\"><\/div>\r\n                <div class=\"bar4\"><\/div>\r\n                <div class=\"bar5\"><\/div>\r\n                <div class=\"bar6\"><\/div>\r\n                <div class=\"bar7\"><\/div>\r\n                <div class=\"bar8\"><\/div>\r\n                <div class=\"bar9\"><\/div>\r\n                <div class=\"bar10\"><\/div>\r\n                <div class=\"bar11\"><\/div>\r\n                <div class=\"bar12\"><\/div>\r\n            <\/div>\r\n            <\/div>\r\n\t\t\t\t<\/div>\n\t\t\t\t<\/div>\n\t\t            <\/div>\r\n        <\/div>\r\n        \t\t\t<\/div>\n\t\t<\/section>\n\t\t\t\t<\/div>","protected":false},"excerpt":{"rendered":"<p>Nossos Produtos Conhe\u00e7a em detalhes os produtos Lince Cadeira Lince CRE Com apoio de p\u00e9s e subida de escadas Cadeira Lince SRE Facilita passagem por Pisos Irregulares Cadeira Lince MINI-C Mobilidade em espa\u00e7os apertados Cadeira Lince MINI45 Mobilidade facilitada em escadas de 38 a 45\u00ba de inclina\u00e7\u00e3o Acess\u00f3rios Diposi\u00e7\u00e3o facilitada, conforto e solu\u00e7\u00f5es r\u00e1pidas! Assine [&hellip;]<\/p>","protected":false},"author":1,"featured_media":0,"parent":0,"menu_order":0,"comment_status":"closed","ping_status":"closed","template":"","meta":{"footnotes":""},"class_list":["post-1458","page","type-page","status-publish","hentry"],"aioseo_notices":[],"_links":{"self":[{"href":"https:\/\/www.cadeiralince.com.br\/es\/wp-json\/wp\/v2\/pages\/1458","targetHints":{"allow":["GET"]}}],"collection":[{"href":"https:\/\/www.cadeiralince.com.br\/es\/wp-json\/wp\/v2\/pages"}],"about":[{"href":"https:\/\/www.cadeiralince.com.br\/es\/wp-json\/wp\/v2\/types\/page"}],"author":[{"embeddable":true,"href":"https:\/\/www.cadeiralince.com.br\/es\/wp-json\/wp\/v2\/users\/1"}],"replies":[{"embeddable":true,"href":"https:\/\/www.cadeiralince.com.br\/es\/wp-json\/wp\/v2\/comments?post=1458"}],"version-history":[{"count":83,"href":"https:\/\/www.cadeiralince.com.br\/es\/wp-json\/wp\/v2\/pages\/1458\/revisions"}],"predecessor-version":[{"id":26170,"href":"https:\/\/www.cadeiralince.com.br\/es\/wp-json\/wp\/v2\/pages\/1458\/revisions\/26170"}],"wp:attachment":[{"href":"https:\/\/www.cadeiralince.com.br\/es\/wp-json\/wp\/v2\/media?parent=1458"}],"curies":[{"name":"wp","href":"https:\/\/api.w.org\/{rel}","templated":true}]}}