{"id":25158,"date":"2025-05-19T18:11:51","date_gmt":"2025-05-19T18:11:51","guid":{"rendered":"https:\/\/cadeiraslince.matemart.site\/?page_id=25158"},"modified":"2025-11-10T15:38:27","modified_gmt":"2025-11-10T18:38:27","slug":"acessorios-cadeira-lince","status":"publish","type":"page","link":"https:\/\/www.cadeiralince.com.br\/es\/prod_lince\/acessorios-cadeira-lince\/","title":{"rendered":"Accesorios Lince"},"content":{"rendered":"<div data-elementor-type=\"wp-page\" data-elementor-id=\"25158\" class=\"elementor elementor-25158\">\n\t\t\t\t        <section class=\"elementor-section elementor-top-section elementor-element elementor-element-3fb8f08 elementor-section-boxed elementor-section-height-default elementor-section-height-default pxl-row-scroll-none pxl-zoom-point-false pxl-section-overflow-visible pxl-section-fix-none pxl-bg-color-none pxl-section-overlay-none\" data-id=\"3fb8f08\" data-element_type=\"section\" data-e-type=\"section\">\n\n                \n                <div class=\"elementor-container elementor-column-gap-extended\">\n                <div class=\"elementor-column elementor-col-50 elementor-top-column elementor-element elementor-element-c48894a pxl-column-none pxl-column-overflow-hidden-no\" data-id=\"c48894a\" data-element_type=\"column\" data-e-type=\"column\">\r\n        <div class=\"elementor-widget-wrap elementor-element-populated\">\r\n                     \r\n        \t\t<div class=\"elementor-element elementor-element-6caae28 elementor-widget__width-inherit elementor-widget elementor-widget-pxl_image\" data-id=\"6caae28\" data-element_type=\"widget\" data-e-type=\"widget\" data-widget_type=\"pxl_image.default\">\n\t\t\t\t<div class=\"elementor-widget-container\">\n\t\t\t\t\t<div id=\"pxl_image-6caae28-8374\"  class=\"pxl-image-single\"  data-wow-delay=\"ms\" \r\n      \r\n          data-parallax-value = \"0\">\r\n    <div class=\"pxl-item--inner\" data-wow-delay=\"120ms\">\r\n                                    <div class=\"pxl-item--image\" >\r\n                                            <img fetchpriority=\"high\" decoding=\"async\" width=\"900\" height=\"470\" src=\"https:\/\/www.cadeiralince.com.br\/wp-content\/uploads\/2025\/05\/bco.jpg\" class=\"no-lazyload attachment-full\" alt=\"\" \/>                                    <\/div>\r\n                                                                    <\/div>\r\n<\/div>\r\n\t\t\t\t<\/div>\n\t\t\t\t<\/div>\n\t\t\t\t<div class=\"elementor-element elementor-element-755ac76 elementor-widget__width-inherit elementor-widget elementor-widget-pxl_image\" data-id=\"755ac76\" data-element_type=\"widget\" data-e-type=\"widget\" data-widget_type=\"pxl_image.default\">\n\t\t\t\t<div class=\"elementor-widget-container\">\n\t\t\t\t\t<div id=\"pxl_image-755ac76-8356\"  class=\"pxl-image-single\"  data-wow-delay=\"ms\" \r\n      \r\n          data-parallax-value = \"0\">\r\n    <div class=\"pxl-item--inner\" data-wow-delay=\"120ms\">\r\n                                    <div class=\"pxl-item--image\" >\r\n                                            <img decoding=\"async\" width=\"900\" height=\"844\" src=\"https:\/\/www.cadeiralince.com.br\/wp-content\/uploads\/2025\/05\/Aces_suporte.jpg\" class=\"no-lazyload attachment-full\" alt=\"\" \/>                                    <\/div>\r\n                                                                    <\/div>\r\n<\/div>\r\n\t\t\t\t<\/div>\n\t\t\t\t<\/div>\n\t\t\t\t<div class=\"elementor-element elementor-element-cdb3840 elementor-widget__width-inherit elementor-widget elementor-widget-pxl_image\" data-id=\"cdb3840\" data-element_type=\"widget\" data-e-type=\"widget\" data-widget_type=\"pxl_image.default\">\n\t\t\t\t<div class=\"elementor-widget-container\">\n\t\t\t\t\t<div id=\"pxl_image-cdb3840-4851\"  class=\"pxl-image-single\"  data-wow-delay=\"ms\" \r\n      \r\n          data-parallax-value = \"0\">\r\n    <div class=\"pxl-item--inner\" data-wow-delay=\"120ms\">\r\n                                    <div class=\"pxl-item--image\" >\r\n                                            <img decoding=\"async\" width=\"900\" height=\"844\" src=\"https:\/\/www.cadeiralince.com.br\/wp-content\/uploads\/2025\/05\/Aces_almofada.jpg\" class=\"no-lazyload attachment-full\" alt=\"\" \/>                                    <\/div>\r\n                                                                    <\/div>\r\n<\/div>\r\n\t\t\t\t<\/div>\n\t\t\t\t<\/div>\n\t\t\t\t<div class=\"elementor-element elementor-element-cafc430 elementor-widget__width-inherit elementor-widget elementor-widget-pxl_image\" data-id=\"cafc430\" data-element_type=\"widget\" data-e-type=\"widget\" data-widget_type=\"pxl_image.default\">\n\t\t\t\t<div class=\"elementor-widget-container\">\n\t\t\t\t\t<div id=\"pxl_image-cafc430-5890\"  class=\"pxl-image-single\"  data-wow-delay=\"ms\" \r\n      \r\n          data-parallax-value = \"0\">\r\n    <div class=\"pxl-item--inner\" data-wow-delay=\"120ms\">\r\n                                    <div class=\"pxl-item--image\" >\r\n                                            <img loading=\"lazy\" decoding=\"async\" width=\"900\" height=\"844\" src=\"https:\/\/www.cadeiralince.com.br\/wp-content\/uploads\/2025\/05\/Aces_cilindro.jpg\" class=\"no-lazyload attachment-full\" alt=\"\" \/>                                    <\/div>\r\n                                                                    <\/div>\r\n<\/div>\r\n\t\t\t\t<\/div>\n\t\t\t\t<\/div>\n\t\t\t\t<div class=\"elementor-element elementor-element-35df94c elementor-widget__width-inherit elementor-widget elementor-widget-pxl_image\" data-id=\"35df94c\" data-element_type=\"widget\" data-e-type=\"widget\" data-widget_type=\"pxl_image.default\">\n\t\t\t\t<div class=\"elementor-widget-container\">\n\t\t\t\t\t<div id=\"pxl_image-35df94c-9100\"  class=\"pxl-image-single\"  data-wow-delay=\"ms\" \r\n      \r\n          data-parallax-value = \"0\">\r\n    <div class=\"pxl-item--inner\" data-wow-delay=\"120ms\">\r\n                                    <div class=\"pxl-item--image\" >\r\n                                            <img loading=\"lazy\" decoding=\"async\" width=\"900\" height=\"844\" src=\"https:\/\/www.cadeiralince.com.br\/wp-content\/uploads\/2025\/05\/Aces_soro.jpg\" class=\"no-lazyload attachment-full\" alt=\"\" \/>                                    <\/div>\r\n                                                                    <\/div>\r\n<\/div>\r\n\t\t\t\t<\/div>\n\t\t\t\t<\/div>\n\t\t            <\/div>\r\n        <\/div>\r\n                <div class=\"elementor-column elementor-col-50 elementor-top-column elementor-element elementor-element-e5e12bf pxl-column-none pxl-column-overflow-hidden-no\" data-id=\"e5e12bf\" data-element_type=\"column\" data-e-type=\"column\">\r\n        <div class=\"elementor-widget-wrap elementor-element-populated\">\r\n                     \r\n        \t\t<div class=\"elementor-element elementor-element-1d3b194 elementor-widget elementor-widget-pxl_heading\" data-id=\"1d3b194\" data-element_type=\"widget\" data-e-type=\"widget\" data-widget_type=\"pxl_heading.default\">\n\t\t\t\t<div class=\"elementor-widget-container\">\n\t\t\t\t\t\n<div id=\"pxl-pxl_heading-1d3b194-2499\" class=\"pxl-heading\" >\n\t<div class=\"pxl-heading--container\" >\n\t\t<div class=\"pxl-heading--inner\">\n\t\t\t\t\t\t\t<div class=\"pxl-item--subtitle\" data-wow-delay=\"ms\">\n\t\t\t\t\t<span class=\"pxl-item--subtext\">\n\t\t\t\t\t\tPara subir y bajar escaleras, as\u00ed como para moverse por pasillos y zonas con suelos irregulares, este modelo es ideal para mejorar la ergonom\u00eda, el confort y la seguridad del paciente.\t\t\t\t\t<\/span>\n\t\t\t\t<\/div>\n\t\t\t\t\t\t\t\t\t<h2 class=\"pxl-item--title pxl-heading-default\" data-wow-delay=\"ms\">\n\t\t\t\tAccesorios para Lince\t\t\t\t\t\n\t\t\t\t\t\t\t<\/h2>\n\t\t<\/div>\n\t\t\n\t<\/div>\n<\/div>\n\t\t\t\t<\/div>\n\t\t\t\t<\/div>\n\t\t\t\t<div class=\"elementor-element elementor-element-0be2a4b elementor-widget__width-auto elementor-widget elementor-widget-pxl_list\" data-id=\"0be2a4b\" data-element_type=\"widget\" data-e-type=\"widget\" data-widget_type=\"pxl_list.default\">\n\t\t\t\t<div class=\"elementor-widget-container\">\n\t\t\t\t\t\r\n    <div class=\"pxl-list list-default\" data-wow-delay=\"ms\">\r\n        <div class=\"pxl-item--container\">\r\n            <div class=\"pxl-item--inner\">\r\n                                <ul class=\"pxl-item--lists\">\r\n                                                                    <li class=\"pxl-item elementor-repeater-item-b3ce7c3\">\r\n                                                            <div class=\"pxl-item--icon\">\r\n                                    <i class=\"flaticon flaticon-bullet-tick\"><\/i>\r\n                                <\/div>\r\n                                                                                        <div class=\"pxl-item--content\">\r\n                                    Soporte de silla                                <\/div>\r\n                                                    <\/li>\r\n                                                                    <li class=\"pxl-item elementor-repeater-item-24378fa\">\r\n                                                            <div class=\"pxl-item--icon\">\r\n                                    <i class=\"flaticon flaticon-bullet-tick\"><\/i>\r\n                                <\/div>\r\n                                                                                        <div class=\"pxl-item--content\">\r\n                                    Soporte para cilindro de ox\u00edgeno                                <\/div>\r\n                                                    <\/li>\r\n                                    <\/ul>\r\n            <\/div>\r\n        <\/div>\r\n    <\/div>\r\n\t\t\t\t<\/div>\n\t\t\t\t<\/div>\n\t\t\t\t<div class=\"elementor-element elementor-element-b8c6645 elementor-widget__width-auto elementor-widget elementor-widget-pxl_list\" data-id=\"b8c6645\" data-element_type=\"widget\" data-e-type=\"widget\" data-widget_type=\"pxl_list.default\">\n\t\t\t\t<div class=\"elementor-widget-container\">\n\t\t\t\t\t\r\n    <div class=\"pxl-list list-default\" data-wow-delay=\"ms\">\r\n        <div class=\"pxl-item--container\">\r\n            <div class=\"pxl-item--inner\">\r\n                                <ul class=\"pxl-item--lists\">\r\n                                                                    <li class=\"pxl-item elementor-repeater-item-c3201a9\">\r\n                                                            <div class=\"pxl-item--icon\">\r\n                                    <i class=\"flaticon flaticon-bullet-tick\"><\/i>\r\n                                <\/div>\r\n                                                                                        <div class=\"pxl-item--content\">\r\n                                    Almohad\u00f3n                                <\/div>\r\n                                                    <\/li>\r\n                                                                    <li class=\"pxl-item elementor-repeater-item-a50efdd\">\r\n                                                            <div class=\"pxl-item--icon\">\r\n                                    <i class=\"flaticon flaticon-bullet-tick\"><\/i>\r\n                                <\/div>\r\n                                                                                        <div class=\"pxl-item--content\">\r\n                                    Soporte para suero intravenoso                                <\/div>\r\n                                                    <\/li>\r\n                                    <\/ul>\r\n            <\/div>\r\n        <\/div>\r\n    <\/div>\r\n\t\t\t\t<\/div>\n\t\t\t\t<\/div>\n\t\t\t\t<div class=\"elementor-element elementor-element-1cc1581 elementor-widget elementor-widget-pxl_heading\" data-id=\"1cc1581\" data-element_type=\"widget\" data-e-type=\"widget\" data-widget_type=\"pxl_heading.default\">\n\t\t\t\t<div class=\"elementor-widget-container\">\n\t\t\t\t\t\n<div id=\"pxl-pxl_heading-1cc1581-6417\" class=\"pxl-heading\" >\n\t<div class=\"pxl-heading--container\" >\n\t\t<div class=\"pxl-heading--inner\">\n\t\t\t\t\t\t\t<div class=\"pxl-item--subtitle\" data-wow-delay=\"ms\">\n\t\t\t\t\t<span class=\"pxl-item--subtext\">\n\t\t\t\t\t\t<p>Un accesorio imprescindible para guardar correctamente tu Lynx, ocupando menos espacio y dej\u00e1ndolo en una posici\u00f3n que facilite su uso cuando lo necesites. <\/p>\t\t\t\t\t<\/span>\n\t\t\t\t<\/div>\n\t\t\t\t\t\t\t\t\t<h3 class=\"pxl-item--title pxl-heading-style-3\" data-wow-delay=\"ms\">\n\t\t\t\tSoporte de suelo para silla\t\t\t\t\t\n\t\t\t\t\t\t\t<\/h3>\n\t\t<\/div>\n\t\t\n\t<\/div>\n<\/div>\n\t\t\t\t<\/div>\n\t\t\t\t<\/div>\n\t\t\t\t<div class=\"elementor-element elementor-element-e1eef99 elementor-widget elementor-widget-pxl_image\" data-id=\"e1eef99\" data-element_type=\"widget\" data-e-type=\"widget\" data-widget_type=\"pxl_image.default\">\n\t\t\t\t<div class=\"elementor-widget-container\">\n\t\t\t\t\t<div id=\"pxl_image-e1eef99-3790\"  class=\"pxl-image-single\"  data-wow-delay=\"ms\" \r\n      \r\n          data-parallax-value = \"0\">\r\n    <div class=\"pxl-item--inner\" data-wow-delay=\"120ms\">\r\n                                    <div class=\"pxl-item--image\" >\r\n                                            <img loading=\"lazy\" decoding=\"async\" width=\"1200\" height=\"477\" src=\"https:\/\/www.cadeiralince.com.br\/wp-content\/uploads\/2025\/05\/Espec_Suporte_Cadeira.jpg\" class=\"no-lazyload attachment-full\" alt=\"\" \/>                                    <\/div>\r\n                                                                    <\/div>\r\n<\/div>\r\n\t\t\t\t<\/div>\n\t\t\t\t<\/div>\n\t\t\t\t<div class=\"elementor-element elementor-element-5b7f73a elementor-widget elementor-widget-pxl_heading\" data-id=\"5b7f73a\" data-element_type=\"widget\" data-e-type=\"widget\" data-widget_type=\"pxl_heading.default\">\n\t\t\t\t<div class=\"elementor-widget-container\">\n\t\t\t\t\t\n<div id=\"pxl-pxl_heading-5b7f73a-4690\" class=\"pxl-heading\" >\n\t<div class=\"pxl-heading--container\" >\n\t\t<div class=\"pxl-heading--inner\">\n\t\t\t\t\t\t\t<div class=\"pxl-item--subtitle\" data-wow-delay=\"ms\">\n\t\t\t\t\t<span class=\"pxl-item--subtext\">\n\t\t\t\t\t\t<p>Aumenta la comodidad y tranquilidad del paciente durante el proceso de extracci\u00f3n, que puede realizarse de una forma m\u00e1s tranquila y placentera.<\/p><br\/>\t\t\t\t\t<\/span>\n\t\t\t\t<\/div>\n\t\t\t\t\t\t\t\t\t<h3 class=\"pxl-item--title pxl-heading-style-3\" data-wow-delay=\"ms\">\n\t\t\t\tCojines\t\t\t\t\t\n\t\t\t\t\t\t\t<\/h3>\n\t\t<\/div>\n\t\t\n\t<\/div>\n<\/div>\n\t\t\t\t<\/div>\n\t\t\t\t<\/div>\n\t\t\t\t<div class=\"elementor-element elementor-element-ab51619 elementor-widget elementor-widget-pxl_image\" data-id=\"ab51619\" data-element_type=\"widget\" data-e-type=\"widget\" data-widget_type=\"pxl_image.default\">\n\t\t\t\t<div class=\"elementor-widget-container\">\n\t\t\t\t\t<div id=\"pxl_image-ab51619-5377\"  class=\"pxl-image-single\"  data-wow-delay=\"ms\" \r\n      \r\n          data-parallax-value = \"0\">\r\n    <div class=\"pxl-item--inner\" data-wow-delay=\"120ms\">\r\n                                    <div class=\"pxl-item--image\" >\r\n                                            <img loading=\"lazy\" decoding=\"async\" width=\"1200\" height=\"477\" src=\"https:\/\/www.cadeiralince.com.br\/wp-content\/uploads\/2025\/05\/Espec_almofada.jpg\" class=\"no-lazyload attachment-full\" alt=\"\" \/>                                    <\/div>\r\n                                                                    <\/div>\r\n<\/div>\r\n\t\t\t\t<\/div>\n\t\t\t\t<\/div>\n\t\t\t\t<div class=\"elementor-element elementor-element-cc6c30a elementor-widget elementor-widget-pxl_heading\" data-id=\"cc6c30a\" data-element_type=\"widget\" data-e-type=\"widget\" data-widget_type=\"pxl_heading.default\">\n\t\t\t\t<div class=\"elementor-widget-container\">\n\t\t\t\t\t\n<div id=\"pxl-pxl_heading-cc6c30a-2853\" class=\"pxl-heading\" >\n\t<div class=\"pxl-heading--container\" >\n\t\t<div class=\"pxl-heading--inner\">\n\t\t\t\t\t\t\t<div class=\"pxl-item--subtitle\" data-wow-delay=\"ms\">\n\t\t\t\t\t<span class=\"pxl-item--subtext\">\n\t\t\t\t\t\t<p>Garantiza practicidad y seguridad para quienes requieren el uso continuo de ox\u00edgeno incluso durante el proceso de evacuaci\u00f3n.<\/p><br\/>\t\t\t\t\t<\/span>\n\t\t\t\t<\/div>\n\t\t\t\t\t\t\t\t\t<h3 class=\"pxl-item--title pxl-heading-style-3\" data-wow-delay=\"ms\">\n\t\t\t\tSoporte para cilindro de ox\u00edgeno\t\t\t\t\t\n\t\t\t\t\t\t\t<\/h3>\n\t\t<\/div>\n\t\t\n\t<\/div>\n<\/div>\n\t\t\t\t<\/div>\n\t\t\t\t<\/div>\n\t\t\t\t<div class=\"elementor-element elementor-element-a216736 elementor-widget elementor-widget-pxl_image\" data-id=\"a216736\" data-element_type=\"widget\" data-e-type=\"widget\" data-widget_type=\"pxl_image.default\">\n\t\t\t\t<div class=\"elementor-widget-container\">\n\t\t\t\t\t<div id=\"pxl_image-a216736-3657\"  class=\"pxl-image-single\"  data-wow-delay=\"ms\" \r\n      \r\n          data-parallax-value = \"0\">\r\n    <div class=\"pxl-item--inner\" data-wow-delay=\"120ms\">\r\n                                    <div class=\"pxl-item--image\" >\r\n                                            <img loading=\"lazy\" decoding=\"async\" width=\"1200\" height=\"389\" src=\"https:\/\/www.cadeiralince.com.br\/wp-content\/uploads\/2025\/05\/Espec_POrta_Cilindros.jpg\" class=\"no-lazyload attachment-full\" alt=\"\" \/>                                    <\/div>\r\n                                                                    <\/div>\r\n<\/div>\r\n\t\t\t\t<\/div>\n\t\t\t\t<\/div>\n\t\t\t\t<div class=\"elementor-element elementor-element-14ac434 elementor-widget elementor-widget-pxl_heading\" data-id=\"14ac434\" data-element_type=\"widget\" data-e-type=\"widget\" data-widget_type=\"pxl_heading.default\">\n\t\t\t\t<div class=\"elementor-widget-container\">\n\t\t\t\t\t\n<div id=\"pxl-pxl_heading-14ac434-1169\" class=\"pxl-heading\" >\n\t<div class=\"pxl-heading--container\" >\n\t\t<div class=\"pxl-heading--inner\">\n\t\t\t\t\t\t\t<div class=\"pxl-item--subtitle\" data-wow-delay=\"ms\">\n\t\t\t\t\t<span class=\"pxl-item--subtext\">\n\t\t\t\t\t\t<p>Para personas que necesitan utilizar suero durante el trayecto a atenci\u00f3n m\u00e9dica.<\/p><br\/>\n<p>El v\u00e1stago es desmontable, lo que facilita el uso y almacenamiento del accesorio.<\/p>\t\t\t\t\t<\/span>\n\t\t\t\t<\/div>\n\t\t\t\t\t\t\t\t\t<h3 class=\"pxl-item--title pxl-heading-style-3\" data-wow-delay=\"ms\">\n\t\t\t\tSoporte para suero intravenoso\t\t\t\t\t\n\t\t\t\t\t\t\t<\/h3>\n\t\t<\/div>\n\t\t\n\t<\/div>\n<\/div>\n\t\t\t\t<\/div>\n\t\t\t\t<\/div>\n\t\t            <\/div>\r\n        <\/div>\r\n        \t\t\t<\/div>\n\t\t<\/section>\n\t\t<div class=\"elementor-element elementor-element-6169658 e-flex e-con-boxed e-con e-parent\" data-id=\"6169658\" data-element_type=\"container\" data-e-type=\"container\">\n\t\t\t\t\t<div class=\"e-con-inner\">\n\t\t\t\t\t<\/div>\n\t\t\t\t<\/div>\n\t\t        <section class=\"elementor-section elementor-top-section elementor-element elementor-element-876b726 elementor-section-full_width elementor-section-stretched elementor-section-height-default elementor-section-height-default pxl-row-scroll-none pxl-zoom-point-false pxl-section-overflow-visible pxl-section-fix-none pxl-full-content-with-space-none pxl-bg-color-none pxl-section-overlay-none\" data-id=\"876b726\" data-element_type=\"section\" data-e-type=\"section\" data-settings=\"{&quot;background_background&quot;:&quot;classic&quot;,&quot;stretch_section&quot;:&quot;section-stretched&quot;}\">\n\n                \n                <div class=\"elementor-container elementor-column-gap-extended\">\n                <div class=\"elementor-column elementor-col-100 elementor-top-column elementor-element elementor-element-f0d3a08 pxl-column-none pxl-column-overflow-hidden-no\" data-id=\"f0d3a08\" data-element_type=\"column\" data-e-type=\"column\">\r\n        <div class=\"elementor-widget-wrap elementor-element-populated\">\r\n                     \r\n        \t\t<div class=\"elementor-element elementor-element-1bc58d3 elementor-widget elementor-widget-pxl_icon\" data-id=\"1bc58d3\" data-element_type=\"widget\" data-e-type=\"widget\" data-widget_type=\"pxl_icon.default\">\n\t\t\t\t<div class=\"elementor-widget-container\">\n\t\t\t\t\t\r\n<div class=\"pxl-icon pxl-icon1 style-default\" data-wow-delay=\"ms\">\r\n    <div class=\"pxl-icon--container\">\r\n        <div class=\"pxl-item\">\r\n                            <span class=\"pxl-item--icon pxl-flex-center\">\r\n                    <i aria-hidden=\"true\" class=\"flaticon flaticon-paper-plane\"><\/i>                <\/span>\r\n                                            <\/div>\r\n    <\/div>\r\n<\/div>\t\t\t\t<\/div>\n\t\t\t\t<\/div>\n\t\t\t\t<div class=\"elementor-element elementor-element-7209382 elementor-widget__width-inherit elementor-widget elementor-widget-pxl_heading\" data-id=\"7209382\" data-element_type=\"widget\" data-e-type=\"widget\" data-widget_type=\"pxl_heading.default\">\n\t\t\t\t<div class=\"elementor-widget-container\">\n\t\t\t\t\t\n<div id=\"pxl-pxl_heading-7209382-9896\" class=\"pxl-heading\" >\n\t<div class=\"pxl-heading--container\" >\n\t\t<div class=\"pxl-heading--inner\">\n\t\t\t\t\t\t\t\t\t<h2 class=\"pxl-item--title pxl-heading-default  wow fadeInUp\" data-wow-delay=\"ms\">\n\t\t\t\tSuscr\u00edbete y s\u00e9 el primero en enterarte de             <span class=\"pxl-title--highlight\">\n                Nuestras noticias y comunicados            <\/span>\n        \t\t\t\t\t\n\t\t\t\t\t\t\t<\/h2>\n\t\t<\/div>\n\t\t\n\t<\/div>\n<\/div>\n\t\t\t\t<\/div>\n\t\t\t\t<\/div>\n\t\t\t\t<div class=\"elementor-element elementor-element-dd3c811 elementor-widget elementor-widget-pxl_contact_form\" data-id=\"dd3c811\" data-element_type=\"widget\" data-e-type=\"widget\" data-widget_type=\"pxl_contact_form.default\">\n\t\t\t\t<div class=\"elementor-widget-container\">\n\t\t\t\t\t    <div class=\"pxl-contact-form pxl-contact-form1\" data-wow-delay=\"ms\">\r\n        \n<div class=\"wpcf7 no-js\" id=\"wpcf7-f14731-o1\" lang=\"en-US\" dir=\"ltr\" data-wpcf7-id=\"14731\">\n<div class=\"screen-reader-response\"><p role=\"status\" aria-live=\"polite\" aria-atomic=\"true\"><\/p> <ul><\/ul><\/div>\n<form action=\"\/es\/wp-json\/wp\/v2\/pages\/25158#wpcf7-f14731-o1\" method=\"post\" class=\"wpcf7-form init\" aria-label=\"Contact form\" novalidate=\"novalidate\" data-status=\"init\" data-trp-original-action=\"\/es\/wp-json\/wp\/v2\/pages\/25158#wpcf7-f14731-o1\">\n<fieldset class=\"hidden-fields-container\"><input type=\"hidden\" name=\"_wpcf7\" value=\"14731\" \/><input type=\"hidden\" name=\"_wpcf7_version\" value=\"6.1.5\" \/><input type=\"hidden\" name=\"_wpcf7_locale\" value=\"en_US\" \/><input type=\"hidden\" name=\"_wpcf7_unit_tag\" value=\"wpcf7-f14731-o1\" \/><input type=\"hidden\" name=\"_wpcf7_container_post\" value=\"0\" \/><input type=\"hidden\" name=\"_wpcf7_posted_data_hash\" value=\"\" \/>\n<\/fieldset>\n<div class=\"pxl-newsletter pxl-layout-2\">\n\t<p><span class=\"wpcf7-form-control-wrap\" data-name=\"your-email\"><input size=\"40\" maxlength=\"400\" class=\"wpcf7-form-control wpcf7-email wpcf7-validates-as-required wpcf7-text wpcf7-validates-as-email pxl-p3 pxl-dark-100\" autocomplete=\"email\" aria-required=\"true\" aria-invalid=\"false\" placeholder=\"Tu correo electr\u00f3nico\" value=\"\" type=\"email\" name=\"your-email\" \/><\/span><br \/>\n<button type=\"submit\" class=\"btn btn-submit pxl-btn-default pxl-btn-normal pxl-hover-default pxl-dark-100 h6\"><span class=\"pxl-btn--text\">Firmar<\/span><i class=\"pxl-icon--default flaticon flaticon-up-right-arrow\"><\/i><\/button>\n\t<\/p>\n<\/div><div class=\"wpcf7-response-output\" aria-hidden=\"true\"><\/div>\n<input type=\"hidden\" name=\"trp-form-language\" value=\"es\"\/><\/form>\n<\/div>\n                    <div class=\"pxl-form-loader dark\">\r\n                <div class=\"bar1\"><\/div>\r\n                <div class=\"bar2\"><\/div>\r\n                <div class=\"bar3\"><\/div>\r\n                <div class=\"bar4\"><\/div>\r\n                <div class=\"bar5\"><\/div>\r\n                <div class=\"bar6\"><\/div>\r\n                <div class=\"bar7\"><\/div>\r\n                <div class=\"bar8\"><\/div>\r\n                <div class=\"bar9\"><\/div>\r\n                <div class=\"bar10\"><\/div>\r\n                <div class=\"bar11\"><\/div>\r\n                <div class=\"bar12\"><\/div>\r\n            <\/div>\r\n            <\/div>\r\n\t\t\t\t<\/div>\n\t\t\t\t<\/div>\n\t\t            <\/div>\r\n        <\/div>\r\n        \t\t\t<\/div>\n\t\t<\/section>\n\t\t\t\t<\/div>","protected":false},"excerpt":{"rendered":"<p>Para a descida e subida de escadas, bem como para a movimenta\u00e7\u00e3o em corredores e \u00e1reas com pisos irregulares, sendo o modelo ideal para melhor ergonomia, conforto e seguran\u00e7a do paciente. Acess\u00f3rios para a Lince Suporte para Cadeira Porta Cilindro de Oxig\u00eanio Almofada Suporte para soro Um acess\u00f3rio essencial para armazenar adequadamente a sua Lince, [&hellip;]<\/p>","protected":false},"author":1,"featured_media":0,"parent":1458,"menu_order":1,"comment_status":"closed","ping_status":"closed","template":"","meta":{"footnotes":""},"class_list":["post-25158","page","type-page","status-publish","hentry"],"aioseo_notices":[],"_links":{"self":[{"href":"https:\/\/www.cadeiralince.com.br\/es\/wp-json\/wp\/v2\/pages\/25158","targetHints":{"allow":["GET"]}}],"collection":[{"href":"https:\/\/www.cadeiralince.com.br\/es\/wp-json\/wp\/v2\/pages"}],"about":[{"href":"https:\/\/www.cadeiralince.com.br\/es\/wp-json\/wp\/v2\/types\/page"}],"author":[{"embeddable":true,"href":"https:\/\/www.cadeiralince.com.br\/es\/wp-json\/wp\/v2\/users\/1"}],"replies":[{"embeddable":true,"href":"https:\/\/www.cadeiralince.com.br\/es\/wp-json\/wp\/v2\/comments?post=25158"}],"version-history":[{"count":38,"href":"https:\/\/www.cadeiralince.com.br\/es\/wp-json\/wp\/v2\/pages\/25158\/revisions"}],"predecessor-version":[{"id":25805,"href":"https:\/\/www.cadeiralince.com.br\/es\/wp-json\/wp\/v2\/pages\/25158\/revisions\/25805"}],"up":[{"embeddable":true,"href":"https:\/\/www.cadeiralince.com.br\/es\/wp-json\/wp\/v2\/pages\/1458"}],"wp:attachment":[{"href":"https:\/\/www.cadeiralince.com.br\/es\/wp-json\/wp\/v2\/media?parent=25158"}],"curies":[{"name":"wp","href":"https:\/\/api.w.org\/{rel}","templated":true}]}}